{"id":12000,"date":"2026-04-03T08:58:29","date_gmt":"2026-04-03T06:58:29","guid":{"rendered":"https:\/\/jrose.it\/shop\/guido-crepax\/"},"modified":"2026-04-17T12:56:37","modified_gmt":"2026-04-17T10:56:37","slug":"guido-crepax","status":"publish","type":"product","link":"https:\/\/jrose.it\/fr\/shop\/guido-crepax\/","title":{"rendered":"Guido CREPAX"},"content":{"rendered":"","protected":false},"excerpt":{"rendered":"<p>N\u00e9 \u00e0 Milan en 1933 dans un milieu o\u00f9 l\u2019art faisait partie du quotidien, Guido Crepax grandit entour\u00e9 de musique et de sensibilit\u00e9 esth\u00e9tique : son p\u00e8re \u00e9tait premier violoncelle \u00e0 la Scala, et le rythme du son devient pour lui le rythme de la page. Cette aptitude \u00e0 la composition se m\u00eale \u00e0 la rigueur de son dipl\u00f4me en architecture obtenu en 1958, qui lui apprend \u00e0 concevoir non seulement des espaces, mais aussi des planches graphiques.<\/p>\n<p>Avant de se consacrer \u00e0 la bande dessin\u00e9e, Crepax affine son trait \u00e9l\u00e9gant dans le graphisme publicitaire, r\u00e9alisant des pochettes de disques de jazz et des campagnes pour des marques telles que Shell et Campari. Ces exp\u00e9riences le pr\u00e9parent \u00e0 int\u00e9grer une esth\u00e9tique moderne dans ses \u0153uvres les plus c\u00e9l\u00e8bres. En 1965, il fait appara\u00eetre Valentina Rosselli dans les pages de <em>Linus<\/em>, d\u2019abord comme personnage secondaire. Tr\u00e8s vite cependant, Valentina devient la protagoniste absolue : une femme \u00ab vivante \u00bb, dot\u00e9e d\u2019une carte d\u2019identit\u00e9, d\u2019un m\u00e9tier de photographe et d\u2019une psych\u00e9 complexe. Non pas un arch\u00e9type, mais un personnage qui vieillit avec son auteur, traversant la soci\u00e9t\u00e9 italienne des ann\u00e9es 1960 et 1970 avec ind\u00e9pendance et intensit\u00e9. Cr\u00e9er Valentina signifiait briser les tabous, explorer l\u2019\u00e9mancipation f\u00e9minine et transformer l\u2019\u00e9rotisme en r\u00e9flexion intellectuelle.<\/p>\n<p>Crepax r\u00e9volutionne \u00e9galement le langage de la bande dessin\u00e9e, d\u00e9passant la grille traditionnelle. Sa narration adopte des rythmes cin\u00e9matographiques, fragmentant l\u2019action en d\u00e9tails infimes \u2014 un reflet dans des lunettes, un geste, un souffle \u2014 dilatant la perception du temps. Ainsi, la vie quotidienne de Valentina se fond dans une dimension onirique, impliquant le lecteur dans ses fragilit\u00e9s et ses visions. \u00c0 travers elle, Crepax fusionne mode, litt\u00e9rature et psychanalyse en un art total, capable de saisir les inqui\u00e9tudes d\u2019une soci\u00e9t\u00e9 en mutation.<\/p>\n<p>Crepax demeure un architecte du d\u00e9sir, capable de traduire l\u2019esth\u00e9tique du XXe si\u00e8cle en un trait \u00e9ternel, laissant une ic\u00f4ne de style qui continue de dialoguer avec la modernit\u00e9.<\/p>\n","protected":false},"featured_media":11837,"template":"","meta":[],"product_brand":[],"product_cat":[310],"product_tag":[],"class_list":{"0":"post-12000","1":"product","2":"type-product","3":"status-publish","4":"has-post-thumbnail","6":"product_cat-guido-crepax-fr","8":"first","9":"instock","10":"taxable","11":"shipping-taxable","12":"product-type-simple"},"_links":{"self":[{"href":"https:\/\/jrose.it\/fr\/wp-json\/wp\/v2\/product\/12000","targetHints":{"allow":["GET"]}}],"collection":[{"href":"https:\/\/jrose.it\/fr\/wp-json\/wp\/v2\/product"}],"about":[{"href":"https:\/\/jrose.it\/fr\/wp-json\/wp\/v2\/types\/product"}],"wp:featuredmedia":[{"embeddable":true,"href":"https:\/\/jrose.it\/fr\/wp-json\/wp\/v2\/media\/11837"}],"wp:attachment":[{"href":"https:\/\/jrose.it\/fr\/wp-json\/wp\/v2\/media?parent=12000"}],"wp:term":[{"taxonomy":"product_brand","embeddable":true,"href":"https:\/\/jrose.it\/fr\/wp-json\/wp\/v2\/product_brand?post=12000"},{"taxonomy":"product_cat","embeddable":true,"href":"https:\/\/jrose.it\/fr\/wp-json\/wp\/v2\/product_cat?post=12000"},{"taxonomy":"product_tag","embeddable":true,"href":"https:\/\/jrose.it\/fr\/wp-json\/wp\/v2\/product_tag?post=12000"}],"curies":[{"name":"wp","href":"https:\/\/api.w.org\/{rel}","templated":true}]}}