{"id":1531,"date":"2022-07-13T17:24:58","date_gmt":"2022-07-13T15:24:58","guid":{"rendered":"https:\/\/jrose.it\/shop\/box-j-rose-london-dry-gin-8\/"},"modified":"2023-01-13T16:32:55","modified_gmt":"2023-01-13T15:32:55","slug":"box-j-rose-london-dry-gin-8","status":"publish","type":"product","link":"https:\/\/jrose.it\/fr\/shop\/box-j-rose-london-dry-gin-8\/","title":{"rendered":"Box J.Rose London Dry Gin 70 cl"},"content":{"rendered":"<p><span style = \"color: # 000000; font-family: arial, sans-serif;\"> Pour rendre l&#8217;exp\u00e9rience plus excitante, l&#8217;emballage : un \u00e9l\u00e9gant coffret qui abrite le J.Rose et deux verres, dont le couvercle <strong> se transforme en un tableau <\/strong> authentifi\u00e9 par Milo Manara. <\/span><\/p>\n<p><span style = \"font-family: arial, sans-serif;\"> Une combinaison parfaite pour une id\u00e9e cadeau raffin\u00e9e. <span style = \"color: # 000000;\"><br \/>\n<\/span> <\/span><\/p>\n<p><span style = \"color: # 000000; font-family: arial, sans-serif;\"> Des \u00e9l\u00e9ments naturels tels que le <strong> marbre de Carrare <\/strong>, le gypse et le travertin romain sont les protagonistes d&#8217;un m\u00e9lange de sujets avec un longue histoire enti\u00e8rement italienne. Le r\u00e9sultat est une surface naturelle qui \u00e9voque celle des <strong>fresques antiques<\/strong>. <\/span><\/p>\n<p><span style = \"color: # 000000; font-family: arial, sans-serif;\"> Le couvercle de la bo\u00eete et l&#8217;\u00e9tiquette J.Rose sont recouverts de la fresque. La finition des mat\u00e9riaux, <strong>faite \u00e0 la main<\/strong>, est en mesure de mettre en valeur la beaut\u00e9 de ces \u00e9l\u00e9ments d&#8217;ameublement qui conf\u00e8rent aux espaces une identit\u00e9 prestigieuse. <\/span><\/p>\n","protected":false},"excerpt":{"rendered":"<div> <span style = \"font-family: arial, sans-serif;\"> 1 J.Rose 70 CL <\/span> <\/div>\n<div> <span style = \"font-family: arial, sans-serif;\"> 2 Verres <\/span> <\/div>\n<div> <span style = \"font-family: arial, sans-serif;\"> 1 Coffret Luxe avec couvercle carr\u00e9 <\/span> <\/div>\n","protected":false},"featured_media":1516,"template":"","meta":[],"product_brand":[],"product_cat":[56],"product_tag":[],"class_list":{"0":"post-1531","1":"product","2":"type-product","3":"status-publish","4":"has-post-thumbnail","6":"product_cat-box-fr","8":"first","9":"outofstock","10":"taxable","11":"shipping-taxable","12":"product-type-simple"},"_links":{"self":[{"href":"https:\/\/jrose.it\/fr\/wp-json\/wp\/v2\/product\/1531","targetHints":{"allow":["GET"]}}],"collection":[{"href":"https:\/\/jrose.it\/fr\/wp-json\/wp\/v2\/product"}],"about":[{"href":"https:\/\/jrose.it\/fr\/wp-json\/wp\/v2\/types\/product"}],"wp:featuredmedia":[{"embeddable":true,"href":"https:\/\/jrose.it\/fr\/wp-json\/wp\/v2\/media\/1516"}],"wp:attachment":[{"href":"https:\/\/jrose.it\/fr\/wp-json\/wp\/v2\/media?parent=1531"}],"wp:term":[{"taxonomy":"product_brand","embeddable":true,"href":"https:\/\/jrose.it\/fr\/wp-json\/wp\/v2\/product_brand?post=1531"},{"taxonomy":"product_cat","embeddable":true,"href":"https:\/\/jrose.it\/fr\/wp-json\/wp\/v2\/product_cat?post=1531"},{"taxonomy":"product_tag","embeddable":true,"href":"https:\/\/jrose.it\/fr\/wp-json\/wp\/v2\/product_tag?post=1531"}],"curies":[{"name":"wp","href":"https:\/\/api.w.org\/{rel}","templated":true}]}}