{"id":2385,"date":"2022-12-06T16:24:55","date_gmt":"2022-12-06T15:24:55","guid":{"rendered":"https:\/\/jrose.it\/shop\/j-rose-trousse-2\/"},"modified":"2024-06-12T20:08:59","modified_gmt":"2024-06-12T18:08:59","slug":"j-rose-trousse-2","status":"publish","type":"product","link":"https:\/\/jrose.it\/fr\/shop\/j-rose-trousse-2\/","title":{"rendered":"J.Rose + Trousse"},"content":{"rendered":"<p>Les notes pr\u00e9dominantes de J.Rose sont celles du gen\u00e9vrier.<\/p>\n<p>Le nez est chaud et piquant. Les d\u00e9licats parfums d&#8217;agrumes de la bergamote et de l&#8217;\u00e9corce de mandarine rafra\u00eechissent l&#8217;haleine et lui conf\u00e8rent un \u00e9quilibre doux et soyeux. L&#8217;ar\u00f4me de fleurs de figue de barbarie rebondit du nez au palais et lib\u00e8re un arri\u00e8re-go\u00fbt fruit\u00e9. L&#8217;essence bois\u00e9e est donn\u00e9e par l&#8217;\u00e9corce de ch\u00eane, caract\u00e9ris\u00e9e par des notes grill\u00e9es qui \u00e9voquent celles de la noisette et de la noix.<\/p>\n<p>J.Rose a une couleur transparente et claire. Au contact de la glace et du tonic, les huiles essentielles de bergamote se dilatent et donnent au cocktail un reflet argent\u00e9, naturellement trouble.<\/p>\n<p>Sa teneur en alcool de 43% am\u00e9liore les neuf plantes, ce qui en fait un gin parfait pour les cocktails les plus exclusifs.<\/p>\n","protected":false},"excerpt":{"rendered":"<h5>70CL\u00a0 | Teneur en alcool 43\u00a0%<\/h5>\n","protected":false},"featured_media":8537,"template":"","meta":[],"product_brand":[],"product_cat":[95],"product_tag":[],"class_list":{"0":"post-2385","1":"product","2":"type-product","3":"status-publish","4":"has-post-thumbnail","6":"product_cat-trousse-fr","8":"first","9":"instock","10":"taxable","11":"shipping-taxable","12":"purchasable","13":"product-type-simple"},"_links":{"self":[{"href":"https:\/\/jrose.it\/fr\/wp-json\/wp\/v2\/product\/2385","targetHints":{"allow":["GET"]}}],"collection":[{"href":"https:\/\/jrose.it\/fr\/wp-json\/wp\/v2\/product"}],"about":[{"href":"https:\/\/jrose.it\/fr\/wp-json\/wp\/v2\/types\/product"}],"wp:featuredmedia":[{"embeddable":true,"href":"https:\/\/jrose.it\/fr\/wp-json\/wp\/v2\/media\/8537"}],"wp:attachment":[{"href":"https:\/\/jrose.it\/fr\/wp-json\/wp\/v2\/media?parent=2385"}],"wp:term":[{"taxonomy":"product_brand","embeddable":true,"href":"https:\/\/jrose.it\/fr\/wp-json\/wp\/v2\/product_brand?post=2385"},{"taxonomy":"product_cat","embeddable":true,"href":"https:\/\/jrose.it\/fr\/wp-json\/wp\/v2\/product_cat?post=2385"},{"taxonomy":"product_tag","embeddable":true,"href":"https:\/\/jrose.it\/fr\/wp-json\/wp\/v2\/product_tag?post=2385"}],"curies":[{"name":"wp","href":"https:\/\/api.w.org\/{rel}","templated":true}]}}