{"id":8306,"date":"2025-05-16T10:16:18","date_gmt":"2025-05-16T08:16:18","guid":{"rendered":"https:\/\/jrose.it\/shop\/la7vidas-fumetto\/"},"modified":"2025-07-11T19:50:07","modified_gmt":"2025-07-11T17:50:07","slug":"la7vidas-fumetto","status":"publish","type":"product","link":"https:\/\/jrose.it\/fr\/shop\/la7vidas-fumetto\/","title":{"rendered":"La7Vidas bande dessin\u00e9e"},"content":{"rendered":"<h3><\/h3>\n<h3><strong>La7Vidas<\/strong><\/h3>\n<h3>&#8220;Quand tu reviens de l\u2019enfer\u2026 tu n\u2019as plus peur. M\u00eame pas de la mort.&#8221;<\/h3>\n<p>Dans chaque recoin du Mexique, entre ses terres riches en couleurs et en traditions, se cache une histoire d\u2019espoir, de r\u00e9demption et de renaissance. Ce roman est un hommage \u00e0 un pays extraordinaire, o\u00f9 pass\u00e9 et pr\u00e9sent s\u2019entrelacent en une mosa\u00efque d\u2019histoire, de culture et de lieux qui renferment les secrets de l\u2019\u00e2me humaine.<br \/>\nL\u2019histoire d\u2019Alma Beltr\u00e1n n\u2019est pas seulement la sienne. C\u2019est l\u2019histoire de nous tous qui, pour poursuivre un r\u00eave, devons affronter des obstacles en apparence insurmontables.<br \/>\nC\u2019est l\u2019histoire de ceux qui, parfois, doivent \u00eatre pr\u00eats \u00e0 mourir int\u00e9rieurement pour ensuite rena\u00eetre, tout comme nous l\u2019a enseign\u00e9 un grand ma\u00eetre il y a plus de deux mille ans.<br \/>\nAlma n\u2019est pas seulement une protagoniste, mais un arch\u00e9type, le reflet de quiconque souhaite d\u00e9couvrir et r\u00e9aliser son essence la plus profonde. \u00c0 chaque \u00e9tape de son combat, Alma devient le symbole de ceux qui ont le courage de se remettre en jeu, de ceux qui recherchent leur v\u00e9rit\u00e9 m\u00eame lorsque le chemin est difficile et incertain.<br \/>\nQue cette histoire puisse insuffler en chacun de nous un peu plus de courage : cette force silencieuse qui nous pousse \u00e0 changer, \u00e0 transformer les difficult\u00e9s en opportunit\u00e9s et \u00e0 ne jamais renoncer \u00e0 ce que nous d\u00e9sirons le plus.<\/p>\n<p>&nbsp;<\/p>\n<table style=\"height: 354px;\" border=\"0\" width=\"566\" cellspacing=\"0\" cellpadding=\"0\">\n<colgroup>\n<col width=\"87\" \/>\n<col width=\"87\" \/><\/colgroup>\n<tbody>\n<tr>\n<td class=\"xl66\" style=\"text-align: left;\" width=\"87\" height=\"27\">Auteur<\/td>\n<td class=\"xl67\" style=\"text-align: left;\" width=\"87\">Dario Roselli<\/td>\n<\/tr>\n<tr>\n<td class=\"xl66\" style=\"text-align: left;\" height=\"27\">Couverture<\/td>\n<td class=\"xl67\" style=\"text-align: left;\">Milo Manara<\/td>\n<\/tr>\n<tr>\n<td class=\"xl66\" style=\"text-align: left;\" height=\"27\">Peinture \u00e0 la p. 45<\/td>\n<td class=\"xl67\" style=\"text-align: left;\">Francesco Palma<\/td>\n<\/tr>\n<tr>\n<td class=\"xl66\" style=\"text-align: left;\" height=\"27\">Sc\u00e9nario (de la p. 46 \u00e0 la p. 89)<\/td>\n<td class=\"xl67\" style=\"text-align: left;\">Simone Bocci<\/td>\n<\/tr>\n<tr>\n<td class=\"xl66\" style=\"text-align: left;\" height=\"27\">Illustrations et couleurs (de la p. 46 \u00e0 la p. 89)<\/td>\n<td class=\"xl67\" style=\"text-align: left;\">Michela Cacciatore<\/td>\n<\/tr>\n<tr>\n<td class=\"xl66\" style=\"text-align: left;\" height=\"27\">Nombre de pages<\/td>\n<td class=\"xl67\" style=\"text-align: left;\">96<\/td>\n<\/tr>\n<tr>\n<td class=\"xl66\" style=\"text-align: left;\" height=\"27\">les dimensions<\/td>\n<td class=\"xl67\" style=\"text-align: left;\">16&#215;23,5&#215;0,8 cm<\/td>\n<\/tr>\n<\/tbody>\n<\/table>\n","protected":false},"excerpt":{"rendered":"<p>Bande dessin\u00e9e La7Vidas<\/p>\n","protected":false},"featured_media":8086,"template":"","meta":[],"product_brand":[],"product_cat":[113],"product_tag":[],"class_list":{"0":"post-8306","1":"product","2":"type-product","3":"status-publish","4":"has-post-thumbnail","6":"product_cat-la7vidas-fr","8":"first","9":"instock","10":"taxable","11":"shipping-taxable","12":"purchasable","13":"product-type-variable"},"_links":{"self":[{"href":"https:\/\/jrose.it\/fr\/wp-json\/wp\/v2\/product\/8306","targetHints":{"allow":["GET"]}}],"collection":[{"href":"https:\/\/jrose.it\/fr\/wp-json\/wp\/v2\/product"}],"about":[{"href":"https:\/\/jrose.it\/fr\/wp-json\/wp\/v2\/types\/product"}],"wp:featuredmedia":[{"embeddable":true,"href":"https:\/\/jrose.it\/fr\/wp-json\/wp\/v2\/media\/8086"}],"wp:attachment":[{"href":"https:\/\/jrose.it\/fr\/wp-json\/wp\/v2\/media?parent=8306"}],"wp:term":[{"taxonomy":"product_brand","embeddable":true,"href":"https:\/\/jrose.it\/fr\/wp-json\/wp\/v2\/product_brand?post=8306"},{"taxonomy":"product_cat","embeddable":true,"href":"https:\/\/jrose.it\/fr\/wp-json\/wp\/v2\/product_cat?post=8306"},{"taxonomy":"product_tag","embeddable":true,"href":"https:\/\/jrose.it\/fr\/wp-json\/wp\/v2\/product_tag?post=8306"}],"curies":[{"name":"wp","href":"https:\/\/api.w.org\/{rel}","templated":true}]}}