{"id":8347,"date":"2025-05-06T20:40:59","date_gmt":"2025-05-06T18:40:59","guid":{"rendered":"https:\/\/jrose.it\/shop\/la7vidas-tequila-blanco\/"},"modified":"2025-07-11T17:25:18","modified_gmt":"2025-07-11T15:25:18","slug":"la7vidas-tequila-blanco","status":"publish","type":"product","link":"https:\/\/jrose.it\/fr\/shop\/la7vidas-tequila-blanco\/","title":{"rendered":"La7Vidas Tequila Blanco"},"content":{"rendered":"<h2><\/h2>\n<h2>L\u2019essence authentique du Mexique<\/h2>\n<p>Au c\u0153ur vibrant des <strong>Altos de Jalisco<\/strong>, l\u00e0 o\u00f9 la terre se m\u00eale au ciel azur et o\u00f9 l\u2019\u00e2me du <strong>Mexique<\/strong> s\u2019\u00e9veille au rythme envo\u00fbtant des <strong>Mariachis<\/strong>, na\u00eet La 7 Vidas, une tequila qui n\u2019est pas qu\u2019un simple spiritueux, mais une exp\u00e9rience \u00e0 vivre, \u00e0 ressentir et \u00e0 raconter.<\/p>\n<p>\u00c9labor\u00e9e avec passion et savoir-faire \u00e0 partir de l\u2019agave bleu, La 7 Vidas est un hommage parfait \u00e0 la beaut\u00e9 extraordinaire et \u00e0 la culture d\u2019une terre o\u00f9 sont n\u00e9es des traditions s\u00e9culaires, o\u00f9 la joie est un langage universel, et la tequila, sa plus belle po\u00e9sie.<\/p>\n<p>L\u2019histoire de La 7 Vidas, c\u2019est aussi celle d\u2019un r\u00eave : celui d\u2019<strong>Alma Beltr\u00e1n<\/strong>, une jeune femme qui r\u00eavait de devenir mariachi, de donner voix \u00e0 son \u00e2me \u00e0 travers la musique. Son image, vivante et \u00e9ternelle, tr\u00f4ne sur chaque \u00e9tiquette de bouteille, symbole de d\u00e9termination et de passion. Un r\u00eave qui, tout comme le spiritueux qui porte son nom, puise ses racines profondes dans la terre qui l\u2019a vue na\u00eetre.<\/p>\n<p>\u00c0 rendre cette cr\u00e9ation encore plus unique, c\u2019est la main du Maestro Milo Manara. Inspir\u00e9 par un pueblo m\u00e1gico, il a r\u00e9alis\u00e9 deux \u0153uvres in\u00e9dites pour c\u00e9l\u00e9brer l\u2019h\u00e9ritage riche d\u2019un peuple extraordinaire. \u00c0 travers son trait inimitable, le Maestro nous embarque dans un voyage visuel qui raconte la culture, la beaut\u00e9 et les \u00e9motions qui habitent chaque recoin de cette terre l\u00e9gendaire.<\/p>\n<p><strong>La 7 Vidas, c\u2019est bien plus qu\u2019une tequila<\/strong> : c\u2019est un hommage \u00e0 une histoire de passion, de tradition et de r\u00eaves qui ne cessent jamais de vivre.<\/p>\n<p>&nbsp;<\/p>\n<h2>Profil organoleptique<\/h2>\n<p><strong>La 7 Vidas Blanco<\/strong> est une tequila qui brille comme un diamant du Centenaire, \u00e9clatante et pure. La cuisson dans un alambic en acier en exalte la transparence et l\u2019\u00e9clat, tandis que son serpentin en cuivre amplifie sa luminosit\u00e9, lui conf\u00e9rant une brillance unique.<\/p>\n<p>Chaque gorg\u00e9e est une explosion de fra\u00eecheur, aux notes herbac\u00e9es parfaitement harmonieuses. Elle sent l\u2019agave fra\u00eechement coup\u00e9e, et son go\u00fbt enveloppe le palais comme une caresse. Au premier contact, elle est piquante et affirm\u00e9e, comme une r\u00e9plique tranchante de Tony Montana. Mais ensuite\u2026 elle surprend, d\u00e9voilant une douceur et une onctuosit\u00e9 inattendues qui s\u00e9duisent instantan\u00e9ment. La 7 Vidas Blanco est fra\u00eeche, mais d\u00e9bordante de passion. Elle est d\u00e9licate, mais audacieuse.<\/p>\n<p>La 7 Vidas, c\u2019est comme une relation compliqu\u00e9e : intense, conflictuelle, mais terriblement envo\u00fbtante\u2026 parce que tu sais d\u00e9j\u00e0 ce qu\u2019elle peut r\u00e9veiller en toi\u2026 et c\u2019est justement pour \u00e7a que tu l\u2019aimes, et que tu ne peux plus t\u2019en passer.<\/p>\n<p>&nbsp;<\/p>\n<h2>Fiche Technique<\/h2>\n<table border=\"0\" cellspacing=\"0\" cellpadding=\"8\">\n<tbody>\n<tr>\n<th>Caract\u00e9ristique<\/th>\n<th>D\u00e9tail<\/th>\n<\/tr>\n<tr>\n<td>Type d\u2019agave<\/td>\n<td>Tequilana Weber Azul. Maturation minimale de 6 ans<\/td>\n<\/tr>\n<tr>\n<td>R\u00e9gion de production<\/td>\n<td>Altos de Jalisco, Mexique<\/td>\n<\/tr>\n<tr>\n<td>Distillerie<\/td>\n<td>Destiladora Santa Virginia SA DE CV<\/td>\n<\/tr>\n<tr>\n<td>NOM<\/td>\n<td>1515 CRT Consejo Regulador del Tequila<\/td>\n<\/tr>\n<tr>\n<td>Temps de cuisson<\/td>\n<td>96 heures dans un four en pierre<\/td>\n<\/tr>\n<tr>\n<td>Extraction<\/td>\n<td>Meule traditionnelle<\/td>\n<\/tr>\n<tr>\n<td>Fermentation<\/td>\n<td>Lente, en cuves ouvertes<\/td>\n<\/tr>\n<tr>\n<td>Distillation<\/td>\n<td>Discontinue, double. Alambic en acier avec rectification via serpentin en cuivre<\/td>\n<\/tr>\n<tr>\n<td>Maestro Tequilero<\/td>\n<td>Enrique Franco<\/td>\n<\/tr>\n<tr>\n<td>Classe<\/td>\n<td>Tequila Blanco<\/td>\n<\/tr>\n<tr>\n<td>Cat\u00e9gorie<\/td>\n<td>100% de Agave azul<\/td>\n<\/tr>\n<tr>\n<td>Teneur en alcool<\/td>\n<td>40% Alc. Vol<\/td>\n<\/tr>\n<tr>\n<td>Contenance<\/td>\n<td>700 ML<\/td>\n<\/tr>\n<\/tbody>\n<\/table>\n","protected":false},"excerpt":{"rendered":"<p>Tequila Blanco 100% Agave 70 CL 40% vol<\/p>\n","protected":false},"featured_media":8020,"template":"","meta":[],"product_brand":[],"product_cat":[127],"product_tag":[],"class_list":{"0":"post-8347","1":"product","2":"type-product","3":"status-publish","4":"has-post-thumbnail","6":"product_cat-tequila-fr","8":"first","9":"instock","10":"taxable","11":"shipping-taxable","12":"purchasable","13":"product-type-simple"},"_links":{"self":[{"href":"https:\/\/jrose.it\/fr\/wp-json\/wp\/v2\/product\/8347","targetHints":{"allow":["GET"]}}],"collection":[{"href":"https:\/\/jrose.it\/fr\/wp-json\/wp\/v2\/product"}],"about":[{"href":"https:\/\/jrose.it\/fr\/wp-json\/wp\/v2\/types\/product"}],"wp:featuredmedia":[{"embeddable":true,"href":"https:\/\/jrose.it\/fr\/wp-json\/wp\/v2\/media\/8020"}],"wp:attachment":[{"href":"https:\/\/jrose.it\/fr\/wp-json\/wp\/v2\/media?parent=8347"}],"wp:term":[{"taxonomy":"product_brand","embeddable":true,"href":"https:\/\/jrose.it\/fr\/wp-json\/wp\/v2\/product_brand?post=8347"},{"taxonomy":"product_cat","embeddable":true,"href":"https:\/\/jrose.it\/fr\/wp-json\/wp\/v2\/product_cat?post=8347"},{"taxonomy":"product_tag","embeddable":true,"href":"https:\/\/jrose.it\/fr\/wp-json\/wp\/v2\/product_tag?post=8347"}],"curies":[{"name":"wp","href":"https:\/\/api.w.org\/{rel}","templated":true}]}}