{"id":9496,"date":"2025-07-08T13:26:07","date_gmt":"2025-07-08T11:26:07","guid":{"rendered":"https:\/\/jrose.it\/shop\/cuscino\/"},"modified":"2025-07-14T16:20:03","modified_gmt":"2025-07-14T14:20:03","slug":"cuscino","status":"publish","type":"product","link":"https:\/\/jrose.it\/fr\/shop\/cuscino\/","title":{"rendered":"J.Rose Coussin"},"content":{"rendered":"<p>&nbsp;<\/p>\n<p>Apportez chez vous la puret\u00e9 du style italien, r\u00e9interpr\u00e9t\u00e9 avec l\u2019inimitable touche J.Rose.<br \/>\nCe coussin est con\u00e7u pour ceux qui aiment s\u2019entourer de d\u00e9tails \u00e9l\u00e9gants et raffin\u00e9s : parfait sur un canap\u00e9, un lit ou dans un coin lecture, il apporte imm\u00e9diatement une sensation de chaleur et d\u2019accueil.<br \/>\nLe rembourrage moelleux garantit un confort optimal, tandis que ses lignes \u00e9pur\u00e9es le rendent polyvalent et adapt\u00e9 \u00e0 tous les styles, du plus minimaliste au plus classique.<\/p>\n<p>&nbsp;<\/p>\n<p><strong>Caract\u00e9ristiques :<\/strong><br \/>\n\u2013 Design sobre, couleur blanche avec logo brod\u00e9 bleu et gris<br \/>\n\u2013 Rembourrage de qualit\u00e9 inclus<br \/>\n\u2013 Dimensions : 40\u00d740\u00d715 cm<br \/>\n\u2013 D\u00e9houssable et facile \u00e0 nettoyer<\/p>\n","protected":false},"excerpt":{"rendered":"<p>Coussin<\/p>\n","protected":false},"featured_media":9123,"template":"","meta":[],"product_brand":[],"product_cat":[191],"product_tag":[],"class_list":{"0":"post-9496","1":"product","2":"type-product","3":"status-publish","4":"has-post-thumbnail","6":"product_cat-merchandising-fr","8":"first","9":"instock","10":"taxable","11":"shipping-taxable","12":"purchasable","13":"product-type-simple"},"_links":{"self":[{"href":"https:\/\/jrose.it\/fr\/wp-json\/wp\/v2\/product\/9496","targetHints":{"allow":["GET"]}}],"collection":[{"href":"https:\/\/jrose.it\/fr\/wp-json\/wp\/v2\/product"}],"about":[{"href":"https:\/\/jrose.it\/fr\/wp-json\/wp\/v2\/types\/product"}],"wp:featuredmedia":[{"embeddable":true,"href":"https:\/\/jrose.it\/fr\/wp-json\/wp\/v2\/media\/9123"}],"wp:attachment":[{"href":"https:\/\/jrose.it\/fr\/wp-json\/wp\/v2\/media?parent=9496"}],"wp:term":[{"taxonomy":"product_brand","embeddable":true,"href":"https:\/\/jrose.it\/fr\/wp-json\/wp\/v2\/product_brand?post=9496"},{"taxonomy":"product_cat","embeddable":true,"href":"https:\/\/jrose.it\/fr\/wp-json\/wp\/v2\/product_cat?post=9496"},{"taxonomy":"product_tag","embeddable":true,"href":"https:\/\/jrose.it\/fr\/wp-json\/wp\/v2\/product_tag?post=9496"}],"curies":[{"name":"wp","href":"https:\/\/api.w.org\/{rel}","templated":true}]}}