{"id":9498,"date":"2025-07-08T15:50:05","date_gmt":"2025-07-08T13:50:05","guid":{"rendered":"https:\/\/jrose.it\/shop\/jr-w-tshirt\/"},"modified":"2025-07-14T16:53:23","modified_gmt":"2025-07-14T14:53:23","slug":"jr-w-tshirt","status":"publish","type":"product","link":"https:\/\/jrose.it\/fr\/shop\/jr-w-tshirt\/","title":{"rendered":"J.Rose blanc t-shirt"},"content":{"rendered":"<p>&nbsp;<\/p>\n<p><strong>Essentielle, polyvalente, iconique<\/strong>\u00a0: le t-shirt J.Rose est une pi\u00e8ce incontournable de votre garde-robe.<br \/>\nConfectionn\u00e9 en 100 % coton de haute qualit\u00e9, il assure fra\u00eecheur et confort tout au long de la journ\u00e9e.<br \/>\nSon design minimaliste avec imprim\u00e9 bleu incarne l\u2019\u00e9l\u00e9gance contemporaine de notre marque, le rendant id\u00e9al aussi bien pour un look d\u00e9contract\u00e9 que pour une tenue plus sophistiqu\u00e9e.<br \/>\nPortez-le pour emmener le style J.Rose partout avec vous, des balades en ville aux soir\u00e9es entre amis.<\/p>\n<p>&nbsp;<\/p>\n<p><strong>Caract\u00e9ristiques :<\/strong><br \/>\n\u2013 T-shirt unisexe \u00e0 manches courtes<br \/>\n\u2013 100 % coton doux et r\u00e9sistant<br \/>\n\u2013 Couleur blanche avec imprim\u00e9 bleu<br \/>\n\u2013 Coupe confortable et polyvalente<\/p>\n<p><span style=\"color: #003366;\"><em>\u00a0<\/em><\/span><\/p>\n<p><span style=\"color: #003366;\"><em>\u00a0<\/em><\/span><\/p>\n","protected":false},"excerpt":{"rendered":"<p>Blanc t-shirt<\/p>\n","protected":false},"featured_media":9277,"template":"","meta":[],"product_brand":[],"product_cat":[191],"product_tag":[],"class_list":{"0":"post-9498","1":"product","2":"type-product","3":"status-publish","4":"has-post-thumbnail","6":"product_cat-merchandising-fr","8":"first","9":"instock","10":"taxable","11":"shipping-taxable","12":"purchasable","13":"product-type-variable"},"_links":{"self":[{"href":"https:\/\/jrose.it\/fr\/wp-json\/wp\/v2\/product\/9498","targetHints":{"allow":["GET"]}}],"collection":[{"href":"https:\/\/jrose.it\/fr\/wp-json\/wp\/v2\/product"}],"about":[{"href":"https:\/\/jrose.it\/fr\/wp-json\/wp\/v2\/types\/product"}],"wp:featuredmedia":[{"embeddable":true,"href":"https:\/\/jrose.it\/fr\/wp-json\/wp\/v2\/media\/9277"}],"wp:attachment":[{"href":"https:\/\/jrose.it\/fr\/wp-json\/wp\/v2\/media?parent=9498"}],"wp:term":[{"taxonomy":"product_brand","embeddable":true,"href":"https:\/\/jrose.it\/fr\/wp-json\/wp\/v2\/product_brand?post=9498"},{"taxonomy":"product_cat","embeddable":true,"href":"https:\/\/jrose.it\/fr\/wp-json\/wp\/v2\/product_cat?post=9498"},{"taxonomy":"product_tag","embeddable":true,"href":"https:\/\/jrose.it\/fr\/wp-json\/wp\/v2\/product_tag?post=9498"}],"curies":[{"name":"wp","href":"https:\/\/api.w.org\/{rel}","templated":true}]}}