{"id":9508,"date":"2025-07-08T14:45:41","date_gmt":"2025-07-08T12:45:41","guid":{"rendered":"https:\/\/jrose.it\/shop\/bowl-tr\/"},"modified":"2025-07-14T16:41:49","modified_gmt":"2025-07-14T14:41:49","slug":"bowl-tr","status":"publish","type":"product","link":"https:\/\/jrose.it\/fr\/shop\/bowl-tr\/","title":{"rendered":"Glacette J.Rose"},"content":{"rendered":"<p>&nbsp;<\/p>\n<p>Lignes \u00e9pur\u00e9es, design minimaliste, effet spectaculaire : le seau \u00e0 glace transparent est l\u2019accessoire id\u00e9al pour servir J.Rose avec \u00e9l\u00e9gance.<br \/>\nParfait pour un toast en terrasse, un d\u00eener entre amis ou une f\u00eate priv\u00e9e, il met la bouteille en valeur dans toute sa splendeur, sublimant la sophistication de l\u2019instant.<br \/>\nFacile \u00e0 d\u00e9placer gr\u00e2ce \u00e0 ses deux poign\u00e9es lat\u00e9rales, c\u2019est un d\u00e9tail raffin\u00e9 pour toutes les occasions sp\u00e9ciales.<\/p>\n<p>&nbsp;<\/p>\n<p><strong>Caract\u00e9ristiques :<\/strong><br \/>\n\u2013 Design transparent pour sublimer le contenu<br \/>\n\u2013 Deux poign\u00e9es lat\u00e9rales solides<br \/>\n\u2013 Dimensions : 35\u00d7 6\u00d726 cm<br \/>\n\u2013 Facile \u00e0 nettoyer, r\u00e9sistant et l\u00e9ger<\/p>\n<p><span style=\"color: #003366;\"><em>\u00a0<\/em><\/span><\/p>\n<p><span style=\"color: #003366;\"><em>\u00a0<\/em><\/span><\/p>\n","protected":false},"excerpt":{"rendered":"<p>Glacette<\/p>\n","protected":false},"featured_media":9217,"template":"","meta":[],"product_brand":[],"product_cat":[191],"product_tag":[],"class_list":{"0":"post-9508","1":"product","2":"type-product","3":"status-publish","4":"has-post-thumbnail","6":"product_cat-merchandising-fr","8":"first","9":"instock","10":"taxable","11":"shipping-taxable","12":"purchasable","13":"product-type-simple"},"_links":{"self":[{"href":"https:\/\/jrose.it\/fr\/wp-json\/wp\/v2\/product\/9508","targetHints":{"allow":["GET"]}}],"collection":[{"href":"https:\/\/jrose.it\/fr\/wp-json\/wp\/v2\/product"}],"about":[{"href":"https:\/\/jrose.it\/fr\/wp-json\/wp\/v2\/types\/product"}],"wp:featuredmedia":[{"embeddable":true,"href":"https:\/\/jrose.it\/fr\/wp-json\/wp\/v2\/media\/9217"}],"wp:attachment":[{"href":"https:\/\/jrose.it\/fr\/wp-json\/wp\/v2\/media?parent=9508"}],"wp:term":[{"taxonomy":"product_brand","embeddable":true,"href":"https:\/\/jrose.it\/fr\/wp-json\/wp\/v2\/product_brand?post=9508"},{"taxonomy":"product_cat","embeddable":true,"href":"https:\/\/jrose.it\/fr\/wp-json\/wp\/v2\/product_cat?post=9508"},{"taxonomy":"product_tag","embeddable":true,"href":"https:\/\/jrose.it\/fr\/wp-json\/wp\/v2\/product_tag?post=9508"}],"curies":[{"name":"wp","href":"https:\/\/api.w.org\/{rel}","templated":true}]}}