{"id":9514,"date":"2025-07-08T15:09:56","date_gmt":"2025-07-08T13:09:56","guid":{"rendered":"https:\/\/jrose.it\/shop\/led\/"},"modified":"2025-07-14T16:51:54","modified_gmt":"2025-07-14T14:51:54","slug":"led","status":"publish","type":"product","link":"https:\/\/jrose.it\/fr\/shop\/led\/","title":{"rendered":"Porte-bouteille J.Rose"},"content":{"rendered":"<p>&nbsp;<\/p>\n<p>Un v\u00e9ritable objet sc\u00e9nographique qui attire le regard et met en valeur chaque bouteille.<br \/>\nLe porte-bouteille lumineux J.Rose est con\u00e7u pour ceux qui aiment surprendre : parfait pour des \u00e9v\u00e9nements priv\u00e9s, des soir\u00e9es exclusives ou pour apporter une touche design \u00e0 votre coin bar.<br \/>\nSa lumi\u00e8re douce, le poignard transparent et le logo r\u00e9tro\u00e9clair\u00e9 transforment m\u00eame la soir\u00e9e la plus simple en une exp\u00e9rience unique.Caract\u00e9ristiques :<br \/>\n\u2013 Socle bleu avec poignard transparent r\u00e9tro\u00e9clair\u00e9<br \/>\n\u2013 Logo, base de la bouteille et poignard illumin\u00e9s<br \/>\n\u2013 \u00c9clairage LED int\u00e9gr\u00e9, rechargeable (chargeur inclus)<br \/>\n\u2013 Dimensions : diam\u00e8tre 30 cm \u00d7 hauteur 50 cm<\/p>\n<p>(bouteille non incluse)<\/p>\n<p><span style=\"color: #003366;\"><em>\u00a0<\/em><\/span><\/p>\n<p><span style=\"color: #003366;\"><em>\u00a0<\/em><\/span><\/p>\n","protected":false},"excerpt":{"rendered":"<p>Porte-bouteille<\/p>\n","protected":false},"featured_media":9250,"template":"","meta":[],"product_brand":[],"product_cat":[191],"product_tag":[],"class_list":{"0":"post-9514","1":"product","2":"type-product","3":"status-publish","4":"has-post-thumbnail","6":"product_cat-merchandising-fr","8":"first","9":"instock","10":"taxable","11":"shipping-taxable","12":"purchasable","13":"product-type-simple"},"_links":{"self":[{"href":"https:\/\/jrose.it\/fr\/wp-json\/wp\/v2\/product\/9514","targetHints":{"allow":["GET"]}}],"collection":[{"href":"https:\/\/jrose.it\/fr\/wp-json\/wp\/v2\/product"}],"about":[{"href":"https:\/\/jrose.it\/fr\/wp-json\/wp\/v2\/types\/product"}],"wp:featuredmedia":[{"embeddable":true,"href":"https:\/\/jrose.it\/fr\/wp-json\/wp\/v2\/media\/9250"}],"wp:attachment":[{"href":"https:\/\/jrose.it\/fr\/wp-json\/wp\/v2\/media?parent=9514"}],"wp:term":[{"taxonomy":"product_brand","embeddable":true,"href":"https:\/\/jrose.it\/fr\/wp-json\/wp\/v2\/product_brand?post=9514"},{"taxonomy":"product_cat","embeddable":true,"href":"https:\/\/jrose.it\/fr\/wp-json\/wp\/v2\/product_cat?post=9514"},{"taxonomy":"product_tag","embeddable":true,"href":"https:\/\/jrose.it\/fr\/wp-json\/wp\/v2\/product_tag?post=9514"}],"curies":[{"name":"wp","href":"https:\/\/api.w.org\/{rel}","templated":true}]}}