{"id":9517,"date":"2025-07-08T15:46:10","date_gmt":"2025-07-08T13:46:10","guid":{"rendered":"https:\/\/jrose.it\/shop\/neon-jr\/"},"modified":"2026-01-07T10:36:03","modified_gmt":"2026-01-07T09:36:03","slug":"neon-jr","status":"publish","type":"product","link":"https:\/\/jrose.it\/fr\/shop\/neon-jr\/","title":{"rendered":"Enseigne n\u00e9on LED J.Rose"},"content":{"rendered":"<p>&nbsp;<\/p>\n<p>Un \u00e9clat lumineux qui fait vibrer la nuit.<br \/>\nL\u2019enseigne n\u00e9on LED J.Rose est parfaite pour apporter une touche urbaine, pop et glamour \u00e0 vos espaces.<br \/>\n\u00c0 accrocher dans la maison, au sous-sol ou sur la terrasse pour cr\u00e9er un coin plein de caract\u00e8re : elle illumine f\u00eates, d\u00eeners et soir\u00e9es entre amis en apportant \u00e9nergie et couleur l\u00e0 o\u00f9 il le faut.<\/p>\n<p>Caract\u00e9ristiques :<br \/>\n\u2013 Design moderne aux couleur bleu<br \/>\n\u2013 \u00c9clairage LED dimmable pour ajuster l\u2019intensit\u00e9 lumineuse<br \/>\n\u2013 C\u00e2ble d\u2019alimentation et trous de fixation inclus<br \/>\n\u2013 Dimensions : 50 \u00d7 25 \u00d7 2 cm<\/p>\n<p><span style=\"color: #003366;\"><em>\u00a0<\/em><\/span><\/p>\n<p><span style=\"color: #003366;\"><em>\u00a0<\/em><\/span><\/p>\n","protected":false},"excerpt":{"rendered":"<p>Enseigne<\/p>\n","protected":false},"featured_media":11288,"template":"","meta":[],"product_brand":[],"product_cat":[191],"product_tag":[],"class_list":{"0":"post-9517","1":"product","2":"type-product","3":"status-publish","4":"has-post-thumbnail","6":"product_cat-merchandising-fr","8":"first","9":"instock","10":"taxable","11":"shipping-taxable","12":"purchasable","13":"product-type-simple"},"_links":{"self":[{"href":"https:\/\/jrose.it\/fr\/wp-json\/wp\/v2\/product\/9517","targetHints":{"allow":["GET"]}}],"collection":[{"href":"https:\/\/jrose.it\/fr\/wp-json\/wp\/v2\/product"}],"about":[{"href":"https:\/\/jrose.it\/fr\/wp-json\/wp\/v2\/types\/product"}],"wp:featuredmedia":[{"embeddable":true,"href":"https:\/\/jrose.it\/fr\/wp-json\/wp\/v2\/media\/11288"}],"wp:attachment":[{"href":"https:\/\/jrose.it\/fr\/wp-json\/wp\/v2\/media?parent=9517"}],"wp:term":[{"taxonomy":"product_brand","embeddable":true,"href":"https:\/\/jrose.it\/fr\/wp-json\/wp\/v2\/product_brand?post=9517"},{"taxonomy":"product_cat","embeddable":true,"href":"https:\/\/jrose.it\/fr\/wp-json\/wp\/v2\/product_cat?post=9517"},{"taxonomy":"product_tag","embeddable":true,"href":"https:\/\/jrose.it\/fr\/wp-json\/wp\/v2\/product_tag?post=9517"}],"curies":[{"name":"wp","href":"https:\/\/api.w.org\/{rel}","templated":true}]}}