{"id":9695,"date":"2025-07-17T12:14:17","date_gmt":"2025-07-17T10:14:17","guid":{"rendered":"https:\/\/jrose.it\/shop\/affresco\/"},"modified":"2025-07-17T14:49:28","modified_gmt":"2025-07-17T12:49:28","slug":"affresco","status":"publish","type":"product","link":"https:\/\/jrose.it\/fr\/shop\/affresco\/","title":{"rendered":"Affresco J.Rose cm 50\u00d770"},"content":{"rendered":"<p>&nbsp;<\/p>\n<p>Apportez l&#8217;\u00e9l\u00e9gance de vos bouteilles de gin pr\u00e9f\u00e9r\u00e9es \u00e0 vos murs avec cette fresque artisanale, r\u00e9alis\u00e9e avec la m\u00eame ma\u00eetrise artistique que les \u00e9tiquettes J.Rose. Cette pi\u00e8ce unique transforme votre passion pour le gin en une v\u00e9ritable \u0153uvre d\u2019art \u00e0 exposer.<\/p>\n<p>Caract\u00e9ristiques<br \/>\n&#8211; Dimensions: 50\u00d770 cm, \u00e9paisseur 1 mm.<br \/>\n&#8211; Mat\u00e9riau: fabriqu\u00e9 artisanalement avec des poudres de marbre de Carrare et de travertin romain.<br \/>\n&#8211; Installation facile: dos adh\u00e9sif double-face pour une application imm\u00e9diate sur toute surface lisse.<br \/>\n&#8211; Pratique et polyvalent: enroulable et pr\u00eat \u00e0 \u00eatre expos\u00e9.<br \/>\n&#8211; Choix personnalis\u00e9: s\u00e9lectionnez le motif parmi les graphismes iconiques des \u00e9tiquettes J.Rose.<\/p>\n","protected":false},"excerpt":{"rendered":"<p>Panneau sur enduit 50&#215;70 cm<\/p>\n","protected":false},"featured_media":9650,"template":"","meta":[],"product_brand":[],"product_cat":[191],"product_tag":[],"class_list":{"0":"post-9695","1":"product","2":"type-product","3":"status-publish","4":"has-post-thumbnail","6":"product_cat-merchandising-fr","8":"first","9":"instock","10":"taxable","11":"shipping-taxable","12":"purchasable","13":"product-type-variable"},"_links":{"self":[{"href":"https:\/\/jrose.it\/fr\/wp-json\/wp\/v2\/product\/9695","targetHints":{"allow":["GET"]}}],"collection":[{"href":"https:\/\/jrose.it\/fr\/wp-json\/wp\/v2\/product"}],"about":[{"href":"https:\/\/jrose.it\/fr\/wp-json\/wp\/v2\/types\/product"}],"wp:featuredmedia":[{"embeddable":true,"href":"https:\/\/jrose.it\/fr\/wp-json\/wp\/v2\/media\/9650"}],"wp:attachment":[{"href":"https:\/\/jrose.it\/fr\/wp-json\/wp\/v2\/media?parent=9695"}],"wp:term":[{"taxonomy":"product_brand","embeddable":true,"href":"https:\/\/jrose.it\/fr\/wp-json\/wp\/v2\/product_brand?post=9695"},{"taxonomy":"product_cat","embeddable":true,"href":"https:\/\/jrose.it\/fr\/wp-json\/wp\/v2\/product_cat?post=9695"},{"taxonomy":"product_tag","embeddable":true,"href":"https:\/\/jrose.it\/fr\/wp-json\/wp\/v2\/product_tag?post=9695"}],"curies":[{"name":"wp","href":"https:\/\/api.w.org\/{rel}","templated":true}]}}