{"id":9703,"date":"2025-07-17T09:52:01","date_gmt":"2025-07-17T07:52:01","guid":{"rendered":"https:\/\/jrose.it\/shop\/cards\/"},"modified":"2025-07-17T15:31:00","modified_gmt":"2025-07-17T13:31:00","slug":"cards","status":"publish","type":"product","link":"https:\/\/jrose.it\/fr\/shop\/cards\/","title":{"rendered":"Set de 12 cartes J. Rose"},"content":{"rendered":"<p>&nbsp;<\/p>\n<p>Douze cartes adh\u00e9sives mat\u00e9rielles qui capturent l&#8217;essence des bouteilles J. Rose et La7Vidas, fabriqu\u00e9es avec le m\u00eame pl\u00e2tre artisanal que les \u00e9tiquettes originales. Chaque carte est une petite \u0153uvre d&#8217;art \u00e0 collectionner qui offre une exp\u00e9rience tactile et raconte l&#8217;histoire d&#8217;une passion pour le gin \u00e0 travers son design. Parfaites pour personnaliser n&#8217;importe quel accessoire ou pour offrir en cadeau aux connaisseurs, elles accompagnent \u00e9galement les bouteilles.<\/p>\n<p>Format : 5 x 7 cm.<br \/>\nMat\u00e9riau : pl\u00e2tre artisanal avec adh\u00e9sif.<br \/>\nVari\u00e9t\u00e9 : m\u00e9lange de designs exclusifs de J. Rose et La7Vidas.<\/p>\n","protected":false},"excerpt":{"rendered":"<p>Set de 12 cartes J. Rose<\/p>\n","protected":false},"featured_media":10721,"template":"","meta":[],"product_brand":[],"product_cat":[191],"product_tag":[],"class_list":{"0":"post-9703","1":"product","2":"type-product","3":"status-publish","4":"has-post-thumbnail","6":"product_cat-merchandising-fr","8":"first","9":"instock","10":"taxable","11":"shipping-taxable","12":"purchasable","13":"product-type-simple"},"_links":{"self":[{"href":"https:\/\/jrose.it\/fr\/wp-json\/wp\/v2\/product\/9703","targetHints":{"allow":["GET"]}}],"collection":[{"href":"https:\/\/jrose.it\/fr\/wp-json\/wp\/v2\/product"}],"about":[{"href":"https:\/\/jrose.it\/fr\/wp-json\/wp\/v2\/types\/product"}],"wp:featuredmedia":[{"embeddable":true,"href":"https:\/\/jrose.it\/fr\/wp-json\/wp\/v2\/media\/10721"}],"wp:attachment":[{"href":"https:\/\/jrose.it\/fr\/wp-json\/wp\/v2\/media?parent=9703"}],"wp:term":[{"taxonomy":"product_brand","embeddable":true,"href":"https:\/\/jrose.it\/fr\/wp-json\/wp\/v2\/product_brand?post=9703"},{"taxonomy":"product_cat","embeddable":true,"href":"https:\/\/jrose.it\/fr\/wp-json\/wp\/v2\/product_cat?post=9703"},{"taxonomy":"product_tag","embeddable":true,"href":"https:\/\/jrose.it\/fr\/wp-json\/wp\/v2\/product_tag?post=9703"}],"curies":[{"name":"wp","href":"https:\/\/api.w.org\/{rel}","templated":true}]}}